{"id":19351,"date":"2023-01-27T19:07:08","date_gmt":"2023-01-27T19:07:08","guid":{"rendered":"https:\/\/anilcanbay.com.tr\/bucadent\/?page_id=19351"},"modified":"2025-08-01T15:29:20","modified_gmt":"2025-08-01T12:29:20","slug":"kadromuz","status":"publish","type":"page","link":"https:\/\/bucadent.com.tr\/en\/kadromuz\/","title":{"rendered":"Kadromuz"},"content":{"rendered":"\t\t<div data-elementor-type=\"wp-page\" data-elementor-id=\"19351\" class=\"elementor elementor-19351\">\n\t\t\t\t\t\t<section class=\"elementor-section elementor-top-section elementor-element elementor-element-28a4ebf elementor-section-boxed elementor-section-height-default elementor-section-height-default sc_fly_static\" data-id=\"28a4ebf\" data-element_type=\"section\">\n\t\t\t\t\t\t<div class=\"elementor-container elementor-column-gap-extended\">\n\t\t\t\t\t<div class=\"elementor-column elementor-col-100 elementor-top-column elementor-element elementor-element-bb0a726 sc_content_align_inherit sc_layouts_column_icons_position_left sc_fly_static\" data-id=\"bb0a726\" data-element_type=\"column\">\n\t\t\t<div class=\"elementor-widget-wrap elementor-element-populated\">\n\t\t\t\t\t\t<div class=\"elementor-element elementor-element-cf0729c sc_height_huge sc_fly_static elementor-widget elementor-widget-spacer\" data-id=\"cf0729c\" data-element_type=\"widget\" data-widget_type=\"spacer.default\">\n\t\t\t\t<div class=\"elementor-widget-container\">\n\t\t\t\t\t\t\t<div class=\"elementor-spacer\">\n\t\t\t<div class=\"elementor-spacer-inner\"><\/div>\n\t\t<\/div>\n\t\t\t\t\t\t<\/div>\n\t\t\t\t<\/div>\n\t\t\t\t\t<\/div>\n\t\t<\/div>\n\t\t\t\t\t<\/div>\n\t\t<\/section>\n\t\t\t\t<section class=\"elementor-section elementor-top-section elementor-element elementor-element-6f5666c elementor-section-boxed elementor-section-height-default elementor-section-height-default sc_fly_static\" data-id=\"6f5666c\" data-element_type=\"section\">\n\t\t\t\t\t\t<div class=\"elementor-container elementor-column-gap-extended\">\n\t\t\t\t\t<div class=\"elementor-column elementor-col-100 elementor-top-column elementor-element elementor-element-b9f3ba5 sc_content_align_inherit sc_layouts_column_icons_position_left sc_fly_static\" data-id=\"b9f3ba5\" data-element_type=\"column\">\n\t\t\t<div class=\"elementor-widget-wrap elementor-element-populated\">\n\t\t\t\t\t\t<div class=\"elementor-element elementor-element-1736619 sc_fly_static elementor-widget elementor-widget-trx_sc_title\" data-id=\"1736619\" data-element_type=\"widget\" data-widget_type=\"trx_sc_title.default\">\n\t\t\t\t<div class=\"elementor-widget-container\">\n\t\t\t\t\t<div\t\tclass=\"sc_title sc_title_default\" ><h2 class=\"sc_item_title sc_title_title sc_align_center sc_item_title_style_default\"\n\t\t\t><span class=\"sc_item_title_text\">OUR STAFF<\/span><\/h2><\/div>\t\t\t\t<\/div>\n\t\t\t\t<\/div>\n\t\t\t\t<div class=\"elementor-element elementor-element-d07ac4a sc_fly_static elementor-widget elementor-widget-spacer\" data-id=\"d07ac4a\" data-element_type=\"widget\" data-widget_type=\"spacer.default\">\n\t\t\t\t<div class=\"elementor-widget-container\">\n\t\t\t\t\t\t\t<div class=\"elementor-spacer\">\n\t\t\t<div class=\"elementor-spacer-inner\"><\/div>\n\t\t<\/div>\n\t\t\t\t\t\t<\/div>\n\t\t\t\t<\/div>\n\t\t\t\t<div class=\"elementor-element elementor-element-5a74a9c sc_height_huge sc_fly_static elementor-widget elementor-widget-spacer\" data-id=\"5a74a9c\" data-element_type=\"widget\" data-widget_type=\"spacer.default\">\n\t\t\t\t<div class=\"elementor-widget-container\">\n\t\t\t\t\t\t\t<div class=\"elementor-spacer\">\n\t\t\t<div class=\"elementor-spacer-inner\"><\/div>\n\t\t<\/div>\n\t\t\t\t\t\t<\/div>\n\t\t\t\t<\/div>\n\t\t\t\t<div class=\"elementor-element elementor-element-36904ed sc_height_small sc_fly_static elementor-widget elementor-widget-spacer\" data-id=\"36904ed\" data-element_type=\"widget\" data-widget_type=\"spacer.default\">\n\t\t\t\t<div class=\"elementor-widget-container\">\n\t\t\t\t\t\t\t<div class=\"elementor-spacer\">\n\t\t\t<div class=\"elementor-spacer-inner\"><\/div>\n\t\t<\/div>\n\t\t\t\t\t\t<\/div>\n\t\t\t\t<\/div>\n\t\t\t\t<div class=\"elementor-element elementor-element-e6b388b sc_fly_static elementor-widget elementor-widget-trx_sc_team\" data-id=\"e6b388b\" data-element_type=\"widget\" data-widget_type=\"trx_sc_team.default\">\n\t\t\t\t<div class=\"elementor-widget-container\">\n\t\t\t\t\t<div \t\tclass=\"sc_team sc_team_short\"><div class=\"sc_team_columns_wrap sc_item_columns sc_item_posts_container trx_addons_columns_wrap columns_padding_bottom\"><div class=\"trx_addons_column-1_4 trx_addons_column-1_2-tablet\"><div data-post-id=\"22824\" class=\"sc_team_item sc_item_container post_container no_links post-22824 cpt_team type-cpt_team status-publish has-post-thumbnail hentry cpt_team_group-doctors\">\n\t<div class=\"post_featured sc_team_item_thumb trx_addons_hover trx_addons_hover_style_info_anim\"><img fetchpriority=\"high\" decoding=\"async\" width=\"555\" height=\"696\" src=\"https:\/\/bucadent.com.tr\/en\/wp-content\/uploads\/2025\/07\/semra-guler-omur-yeni-555x696.png\" class=\"attachment-dentario-thumb-rectangle size-dentario-thumb-rectangle wp-post-image\" alt=\"\" \/><a class=\"post_link sc_team_item_link\" href=\"https:\/\/bucadent.com.tr\/en\/team\/semra-omur-guler\/\"><\/a><div class=\"trx_addons_hover_mask\"><\/div><\/div>\t<div class=\"sc_team_item_info\">\n\t\t<div class=\"sc_team_item_header\">\n\t\t\t<h4 class=\"sc_team_item_title entry-title\"><a href=\"https:\/\/bucadent.com.tr\/en\/team\/semra-omur-guler\/\">SEMRA \u00d6M\u00dcR (G\u00dcLER)<\/a><\/h4>\n\t\t\t<div class=\"sc_team_item_subtitle\">DENTIST \/ RESPONSIBLE MANAGER<\/div>\t\t<\/div>\n\t<\/div>\n<\/div>\n<\/div><div class=\"trx_addons_column-1_4 trx_addons_column-1_2-tablet\"><div data-post-id=\"22829\" class=\"sc_team_item sc_item_container post_container no_links post-22829 cpt_team type-cpt_team status-publish has-post-thumbnail hentry cpt_team_group-doctors\">\n\t<div class=\"post_featured sc_team_item_thumb trx_addons_hover trx_addons_hover_style_info_anim\"><img decoding=\"async\" width=\"555\" height=\"696\" src=\"https:\/\/bucadent.com.tr\/en\/wp-content\/uploads\/2025\/07\/MERYEM-GUMUS-555x696.png\" class=\"attachment-dentario-thumb-rectangle size-dentario-thumb-rectangle wp-post-image\" alt=\"\" \/><a class=\"post_link sc_team_item_link\" href=\"https:\/\/bucadent.com.tr\/en\/team\/meryem-gumus\/\"><\/a><div class=\"trx_addons_hover_mask\"><\/div><\/div>\t<div class=\"sc_team_item_info\">\n\t\t<div class=\"sc_team_item_header\">\n\t\t\t<h4 class=\"sc_team_item_title entry-title\"><a href=\"https:\/\/bucadent.com.tr\/en\/team\/meryem-gumus\/\">MERYEM G\u00dcM\u00dc\u015e<\/a><\/h4>\n\t\t\t<div class=\"sc_team_item_subtitle\">DENTIST<\/div>\t\t<\/div>\n\t<\/div>\n<\/div>\n<\/div><div class=\"trx_addons_column-1_4 trx_addons_column-1_2-tablet\"><div data-post-id=\"22832\" class=\"sc_team_item sc_item_container post_container no_links post-22832 cpt_team type-cpt_team status-publish has-post-thumbnail hentry cpt_team_group-doctors\">\n\t<div class=\"post_featured sc_team_item_thumb trx_addons_hover trx_addons_hover_style_info_anim\"><img decoding=\"async\" width=\"570\" height=\"696\" src=\"https:\/\/bucadent.com.tr\/en\/wp-content\/uploads\/2025\/07\/oiuiyiop-570x696.jpg\" class=\"attachment-dentario-thumb-rectangle size-dentario-thumb-rectangle wp-post-image\" alt=\"\" \/><a class=\"post_link sc_team_item_link\" href=\"https:\/\/bucadent.com.tr\/en\/team\/unsal-unal\/\"><\/a><div class=\"trx_addons_hover_mask\"><\/div><\/div>\t<div class=\"sc_team_item_info\">\n\t\t<div class=\"sc_team_item_header\">\n\t\t\t<h4 class=\"sc_team_item_title entry-title\"><a href=\"https:\/\/bucadent.com.tr\/en\/team\/unsal-unal\/\">\u00dcNSAL \u00dcNAL<\/a><\/h4>\n\t\t\t<div class=\"sc_team_item_subtitle\">ORTHODONTICS SPECIALIST<\/div>\t\t<\/div>\n\t<\/div>\n<\/div>\n<\/div><div class=\"trx_addons_column-1_4 trx_addons_column-1_2-tablet\"><div data-post-id=\"22835\" class=\"sc_team_item sc_item_container post_container no_links post-22835 cpt_team type-cpt_team status-publish has-post-thumbnail hentry cpt_team_group-doctors\">\n\t<div class=\"post_featured sc_team_item_thumb trx_addons_hover trx_addons_hover_style_info_anim\"><img loading=\"lazy\" decoding=\"async\" width=\"555\" height=\"696\" src=\"https:\/\/bucadent.com.tr\/en\/wp-content\/uploads\/2025\/07\/CELIK-ATAGUN-555x696.png\" class=\"attachment-dentario-thumb-rectangle size-dentario-thumb-rectangle wp-post-image\" alt=\"\" \/><a class=\"post_link sc_team_item_link\" href=\"https:\/\/bucadent.com.tr\/en\/team\/celik-atagun\/\"><\/a><div class=\"trx_addons_hover_mask\"><\/div><\/div>\t<div class=\"sc_team_item_info\">\n\t\t<div class=\"sc_team_item_header\">\n\t\t\t<h4 class=\"sc_team_item_title entry-title\"><a href=\"https:\/\/bucadent.com.tr\/en\/team\/celik-atagun\/\">\u00c7EL\u0130K ATAG\u00dcN<\/a><\/h4>\n\t\t\t<div class=\"sc_team_item_subtitle\">ORTHODONTICS SPECIALIST<\/div>\t\t<\/div>\n\t<\/div>\n<\/div>\n<\/div><div class=\"trx_addons_column-1_4 trx_addons_column-1_2-tablet\"><div data-post-id=\"22839\" class=\"sc_team_item sc_item_container post_container no_links post-22839 cpt_team type-cpt_team status-publish has-post-thumbnail hentry cpt_team_group-doctors\">\n\t<div class=\"post_featured sc_team_item_thumb trx_addons_hover trx_addons_hover_style_info_anim\"><img loading=\"lazy\" decoding=\"async\" width=\"570\" height=\"696\" src=\"https:\/\/bucadent.com.tr\/en\/wp-content\/uploads\/2025\/07\/ARIF-BASAR-570x696.gif\" class=\"attachment-dentario-thumb-rectangle size-dentario-thumb-rectangle wp-post-image\" alt=\"\" \/><a class=\"post_link sc_team_item_link\" href=\"https:\/\/bucadent.com.tr\/en\/team\/arif-basar\/\"><\/a><div class=\"trx_addons_hover_mask\"><\/div><\/div>\t<div class=\"sc_team_item_info\">\n\t\t<div class=\"sc_team_item_header\">\n\t\t\t<h4 class=\"sc_team_item_title entry-title\"><a href=\"https:\/\/bucadent.com.tr\/en\/team\/arif-basar\/\">AR\u0130F BA\u015eAR<\/a><\/h4>\n\t\t\t<div class=\"sc_team_item_subtitle\">Dentist<\/div>\t\t<\/div>\n\t<\/div>\n<\/div>\n<\/div><div class=\"trx_addons_column-1_4 trx_addons_column-1_2-tablet\"><div data-post-id=\"22842\" class=\"sc_team_item sc_item_container post_container no_links post-22842 cpt_team type-cpt_team status-publish has-post-thumbnail hentry cpt_team_group-doctors\">\n\t<div class=\"post_featured sc_team_item_thumb trx_addons_hover trx_addons_hover_style_info_anim\"><img loading=\"lazy\" decoding=\"async\" width=\"555\" height=\"696\" src=\"https:\/\/bucadent.com.tr\/en\/wp-content\/uploads\/2025\/07\/bilgesumercan-555x696.png\" class=\"attachment-dentario-thumb-rectangle size-dentario-thumb-rectangle wp-post-image\" alt=\"\" \/><a class=\"post_link sc_team_item_link\" href=\"https:\/\/bucadent.com.tr\/en\/team\/bilgesu-mercan\/\"><\/a><div class=\"trx_addons_hover_mask\"><\/div><\/div>\t<div class=\"sc_team_item_info\">\n\t\t<div class=\"sc_team_item_header\">\n\t\t\t<h4 class=\"sc_team_item_title entry-title\"><a href=\"https:\/\/bucadent.com.tr\/en\/team\/bilgesu-mercan\/\">B\u0130LGESU MERCAN<\/a><\/h4>\n\t\t\t<div class=\"sc_team_item_subtitle\">Periodontology Specialist<\/div>\t\t<\/div>\n\t<\/div>\n<\/div>\n<\/div><div class=\"trx_addons_column-1_4 trx_addons_column-1_2-tablet\"><div data-post-id=\"22845\" class=\"sc_team_item sc_item_container post_container no_links post-22845 cpt_team type-cpt_team status-publish has-post-thumbnail hentry cpt_team_group-doctors\">\n\t<div class=\"post_featured sc_team_item_thumb trx_addons_hover trx_addons_hover_style_info_anim\"><img loading=\"lazy\" decoding=\"async\" width=\"555\" height=\"696\" src=\"https:\/\/bucadent.com.tr\/en\/wp-content\/uploads\/2025\/07\/muzeyyen-555x696.png\" class=\"attachment-dentario-thumb-rectangle size-dentario-thumb-rectangle wp-post-image\" alt=\"\" \/><a class=\"post_link sc_team_item_link\" href=\"https:\/\/bucadent.com.tr\/en\/team\/muzeyyen-kider\/\"><\/a><div class=\"trx_addons_hover_mask\"><\/div><\/div>\t<div class=\"sc_team_item_info\">\n\t\t<div class=\"sc_team_item_header\">\n\t\t\t<h4 class=\"sc_team_item_title entry-title\"><a href=\"https:\/\/bucadent.com.tr\/en\/team\/muzeyyen-kider\/\">M\u00dcZEYYEN K\u0130DER<\/a><\/h4>\n\t\t\t<div class=\"sc_team_item_subtitle\">Dentist<\/div>\t\t<\/div>\n\t<\/div>\n<\/div>\n<\/div><\/div><\/div>\t\t\t\t<\/div>\n\t\t\t\t<\/div>\n\t\t\t\t<div class=\"elementor-element elementor-element-6742316 sc_height_huge sc_fly_static elementor-widget elementor-widget-spacer\" data-id=\"6742316\" data-element_type=\"widget\" data-widget_type=\"spacer.default\">\n\t\t\t\t<div class=\"elementor-widget-container\">\n\t\t\t\t\t\t\t<div class=\"elementor-spacer\">\n\t\t\t<div class=\"elementor-spacer-inner\"><\/div>\n\t\t<\/div>\n\t\t\t\t\t\t<\/div>\n\t\t\t\t<\/div>\n\t\t\t\t<div class=\"elementor-element elementor-element-9cd2423 sc_fly_static elementor-widget elementor-widget-spacer\" data-id=\"9cd2423\" data-element_type=\"widget\" data-widget_type=\"spacer.default\">\n\t\t\t\t<div class=\"elementor-widget-container\">\n\t\t\t\t\t\t\t<div class=\"elementor-spacer\">\n\t\t\t<div class=\"elementor-spacer-inner\"><\/div>\n\t\t<\/div>\n\t\t\t\t\t\t<\/div>\n\t\t\t\t<\/div>\n\t\t\t\t\t<\/div>\n\t\t<\/div>\n\t\t\t\t\t<\/div>\n\t\t<\/section>\n\t\t\t\t<section class=\"elementor-section elementor-top-section elementor-element elementor-element-0fdfa59 elementor-section-boxed elementor-section-height-default elementor-section-height-default sc_fly_static\" data-id=\"0fdfa59\" data-element_type=\"section\">\n\t\t\t\t\t\t<div class=\"elementor-container elementor-column-gap-extended\">\n\t\t\t\t\t<div class=\"elementor-column elementor-col-100 elementor-top-column elementor-element elementor-element-7a59dfb sc_content_align_inherit sc_layouts_column_icons_position_left sc_fly_static\" data-id=\"7a59dfb\" data-element_type=\"column\">\n\t\t\t<div class=\"elementor-widget-wrap elementor-element-populated\">\n\t\t\t\t\t\t<div class=\"elementor-element elementor-element-abe6508 sc_fly_static elementor-widget elementor-widget-spacer\" data-id=\"abe6508\" data-element_type=\"widget\" data-widget_type=\"spacer.default\">\n\t\t\t\t<div class=\"elementor-widget-container\">\n\t\t\t\t\t\t\t<div class=\"elementor-spacer\">\n\t\t\t<div class=\"elementor-spacer-inner\"><\/div>\n\t\t<\/div>\n\t\t\t\t\t\t<\/div>\n\t\t\t\t<\/div>\n\t\t\t\t\t<\/div>\n\t\t<\/div>\n\t\t\t\t\t<\/div>\n\t\t<\/section>\n\t\t\t\t<\/div>\n\t\t","protected":false},"excerpt":{"rendered":"<p>OUR STAFF SEMRA \u00d6M\u00dcR (G\u00dcLER) D\u0130\u015e HEK\u0130M\u0130 \/ MESUL M\u00dcD\u00dcR MERYEM G\u00dcM\u00dc\u015e D\u0130\u015e HEK\u0130M\u0130 \u00dcNSAL \u00dcNAL ORTODONT\u0130 UZMANI \u00c7EL\u0130K ATAG\u00dcN ORTODONT\u0130 UZMANI AR\u0130F BA\u015eAR Di\u015f Hekimi B\u0130LGESU MERCAN PER\u0130DONTOLOJ\u0130 UZMANI&hellip;<\/p>\n","protected":false},"author":1,"featured_media":0,"parent":0,"menu_order":0,"comment_status":"closed","ping_status":"closed","template":"","meta":{"_joinchat":[],"footnotes":""},"class_list":["post-19351","page","type-page","status-publish","hentry"],"_links":{"self":[{"href":"https:\/\/bucadent.com.tr\/en\/wp-json\/wp\/v2\/pages\/19351","targetHints":{"allow":["GET"]}}],"collection":[{"href":"https:\/\/bucadent.com.tr\/en\/wp-json\/wp\/v2\/pages"}],"about":[{"href":"https:\/\/bucadent.com.tr\/en\/wp-json\/wp\/v2\/types\/page"}],"author":[{"embeddable":true,"href":"https:\/\/bucadent.com.tr\/en\/wp-json\/wp\/v2\/users\/1"}],"replies":[{"embeddable":true,"href":"https:\/\/bucadent.com.tr\/en\/wp-json\/wp\/v2\/comments?post=19351"}],"version-history":[{"count":19,"href":"https:\/\/bucadent.com.tr\/en\/wp-json\/wp\/v2\/pages\/19351\/revisions"}],"predecessor-version":[{"id":23069,"href":"https:\/\/bucadent.com.tr\/en\/wp-json\/wp\/v2\/pages\/19351\/revisions\/23069"}],"wp:attachment":[{"href":"https:\/\/bucadent.com.tr\/en\/wp-json\/wp\/v2\/media?parent=19351"}],"curies":[{"name":"wp","href":"https:\/\/api.w.org\/{rel}","templated":true}]}}